{"id":46,"date":"2020-04-12T07:19:00","date_gmt":"2020-04-12T05:19:00","guid":{"rendered":"https:\/\/tsvmittelneufnach.de\/wp\/?page_id=46"},"modified":"2025-04-15T17:09:17","modified_gmt":"2025-04-15T15:09:17","slug":"impressum","status":"publish","type":"page","link":"https:\/\/tsvmittelneufnach.de\/wp\/impressum\/","title":{"rendered":"Impressum"},"content":{"rendered":"\n<p>Turn- und Sportverein Mittelneufnach e. V.&nbsp;<br>Mindelheimer Str. 9<br>86868 Mittelneufnach<br>Telefon: +49 8262 960038<br>E-Mail:&nbsp;<a href=\"mailto:info@tsvmittelneufnach.de\">info@tsvmittelneufnach.de<\/a><br>Internet:&nbsp;<a href=\"http:\/\/www.tsvmittelneufnach.de\/\">www.tsvmittelneufnach.de<\/a><\/p>\n\n\n\n<p>Vertretungsberechtigter Vorstand:&nbsp;<\/p>\n\n\n\n<p>Andreas Hedrich<br>M\u00fchlstra\u00dfe 8<br>86868 Mittelneufnach<br>Telefon: +49\u00a0173 3990670<br>E-Mail:\u00a0<a href=\"mailto:vorstand@tsvmittelneufnach.de\">vorstand@tsvmittelneufnach.de<\/a><\/p>\n\n\n\n<p>Registergericht: Amtsgericht Augsburg<br>Registernummer: VR 126<\/p>\n\n\n\n<p>Steuernummer:&nbsp;<br>DE&nbsp;102\/111\/10150 FA Augsburg Land<\/p>\n\n\n\n<p>Inhaltlich Verantwortlicher gem\u00e4\u00df \u00a7 55 Abs. 2 RStV:\u00a0<br>Andreas Hedrich<br>(Anschriften wie oben)<\/p>\n\n\n\n<p>Haftungshinweis:&nbsp;<br>Trotz sorgf\u00e4ltiger inhaltlicher Kontrolle \u00fcbernehmen wir keine Haftung f\u00fcr die Inhalte externer Links. F\u00fcr den Inhalt der verlinkten Seiten sind ausschlie\u00dflich deren Betreiber verantwortlich.<\/p>\n","protected":false},"excerpt":{"rendered":"<p>Turn- und Sportverein Mittelneufnach e. V.&nbsp;Mindelheimer Str. 986868 MittelneufnachTelefon: +49 8262 960038E-Mail:&nbsp;info@tsvmittelneufnach.deInternet:&nbsp;www.tsvmittelneufnach.de Vertretungsberechtigter Vorstand:&nbsp; Andreas HedrichM\u00fchlstra\u00dfe 886868 MittelneufnachTelefon: +49\u00a0173 3990670E-Mail:\u00a0vorstand@tsvmittelneufnach.de Registergericht: Amtsgericht AugsburgRegisternummer: VR 126 Steuernummer:&nbsp;DE&nbsp;102\/111\/10150 FA Augsburg Land Inhaltlich Verantwortlicher gem\u00e4\u00df \u00a7 55 Abs. 2 RStV:\u00a0Andreas Hedrich(Anschriften wie oben) Haftungshinweis:&nbsp;Trotz sorgf\u00e4ltiger inhaltlicher Kontrolle \u00fcbernehmen wir keine Haftung f\u00fcr die Inhalte externer Links. F\u00fcr den [&hellip;]<\/p>\n","protected":false},"author":1,"featured_media":0,"parent":0,"menu_order":0,"comment_status":"closed","ping_status":"closed","template":"","meta":{"footnotes":""},"class_list":["post-46","page","type-page","status-publish","hentry"],"_links":{"self":[{"href":"https:\/\/tsvmittelneufnach.de\/wp\/wp-json\/wp\/v2\/pages\/46","targetHints":{"allow":["GET"]}}],"collection":[{"href":"https:\/\/tsvmittelneufnach.de\/wp\/wp-json\/wp\/v2\/pages"}],"about":[{"href":"https:\/\/tsvmittelneufnach.de\/wp\/wp-json\/wp\/v2\/types\/page"}],"author":[{"embeddable":true,"href":"https:\/\/tsvmittelneufnach.de\/wp\/wp-json\/wp\/v2\/users\/1"}],"replies":[{"embeddable":true,"href":"https:\/\/tsvmittelneufnach.de\/wp\/wp-json\/wp\/v2\/comments?post=46"}],"version-history":[{"count":4,"href":"https:\/\/tsvmittelneufnach.de\/wp\/wp-json\/wp\/v2\/pages\/46\/revisions"}],"predecessor-version":[{"id":696,"href":"https:\/\/tsvmittelneufnach.de\/wp\/wp-json\/wp\/v2\/pages\/46\/revisions\/696"}],"wp:attachment":[{"href":"https:\/\/tsvmittelneufnach.de\/wp\/wp-json\/wp\/v2\/media?parent=46"}],"curies":[{"name":"wp","href":"https:\/\/api.w.org\/{rel}","templated":true}]}}