{"id":814,"date":"2026-03-25T08:51:58","date_gmt":"2026-03-25T07:51:58","guid":{"rendered":"https:\/\/tsvmittelneufnach.de\/wp\/?page_id=814"},"modified":"2026-04-27T11:20:53","modified_gmt":"2026-04-27T09:20:53","slug":"jubilaeum-2026","status":"publish","type":"page","link":"https:\/\/tsvmittelneufnach.de\/wp\/jubilaeum-2026\/","title":{"rendered":"Jubil\u00e4um 2026"},"content":{"rendered":"\n<p class=\"has-text-align-center has-black-color has-text-color has-link-color has-large-font-size wp-elements-a2c6df980632f8ffaf8c39f081ff5192\"><strong>75 Jahre TSV Mittelneufnach &#8211; zusammen mit der FFW Mittelneufnach feiern wir ein wunderbares Fest!<\/strong><br><\/p>\n\n\n\n<p class=\"has-medium-font-size\"><\/p>\n\n\n\n<p class=\"has-medium-font-size\">Am&nbsp;Samstag, den 18.07.2026&nbsp;starten wir um&nbsp;18 Uhr&nbsp;mit dem Neufnach 4-Kampf. N\u00e4heres dazu findet Ihr untenstehend auf dieser Seite. Hier k\u00f6nnen bis zu zw\u00f6lf Teams Ihr k\u00f6nnen in unterschiedlichsten Disziplinen beweisen!&nbsp;<br><\/p>\n\n\n\n<p class=\"has-medium-font-size\">Im Anschluss lassen wir es ab&nbsp;<strong>21 Uhr<\/strong>&nbsp;mit der Radlerband richtig krachen!<\/p>\n\n\n\n<p class=\"has-medium-font-size\"><strong>Am Sonntag<\/strong>&nbsp;findet ab&nbsp;<strong>10 Uhr<\/strong>&nbsp;ein Festgottesdienst in der Kirche St. Johannes Evangelist mit anschlie\u00dfendem Kirchenzug der Vereine zum Gemeindezentrum statt. Der Mittagstisch wird von der Musikvereinigung Immelstetten-Mittelneufnach umrahmt, am Nachmittag sorgt die Blaskapelle Scherstetten&nbsp;f\u00fcr Stimmung. F\u00fcr das leibliche Wohl ist sowohl im Indoor- wie im Outdoorbereich gesorgt.&nbsp;<\/p>\n\n\n\n<p class=\"has-medium-font-size\">Alle weiteren Neuigkeiten zu unserem gemeinsamen Festwochenende erfahrt Ihr hier auf der Website, der Website der FFW Mittelneufnach e. V.&nbsp; (<a href=\"https:\/\/ff-mittelneufnach.feuerwehren.bayern\/\">https:\/\/ff-mittelneufnach.feuerwehren.bayern<\/a>) und auf den Instagram-Kan\u00e4len.<\/p>\n\n\n\n<p class=\"has-medium-font-size\">Wir freuen uns auf euch!<br><\/p>\n\n\n<div class=\"wp-block-image is-style-rounded\">\n<figure class=\"aligncenter size-large\"><img loading=\"lazy\" decoding=\"async\" width=\"1024\" height=\"721\" src=\"https:\/\/tsvmittelneufnach.de\/wp\/wp-content\/uploads\/2026\/04\/Banner-Homepage-V3-e1775033264335-1024x721.png\" alt=\"\" class=\"wp-image-852\" srcset=\"https:\/\/tsvmittelneufnach.de\/wp\/wp-content\/uploads\/2026\/04\/Banner-Homepage-V3-e1775033264335-1024x721.png 1024w, https:\/\/tsvmittelneufnach.de\/wp\/wp-content\/uploads\/2026\/04\/Banner-Homepage-V3-e1775033264335-300x211.png 300w, https:\/\/tsvmittelneufnach.de\/wp\/wp-content\/uploads\/2026\/04\/Banner-Homepage-V3-e1775033264335-768x541.png 768w, https:\/\/tsvmittelneufnach.de\/wp\/wp-content\/uploads\/2026\/04\/Banner-Homepage-V3-e1775033264335.png 1264w\" sizes=\"auto, (max-width: 1024px) 100vw, 1024px\" \/><\/figure>\n<\/div>\n\n\n<p><\/p>\n\n\n\n<h2 class=\"wp-block-heading has-text-align-center has-large-font-size\"><\/h2>\n\n\n\n<p class=\"has-text-align-center has-black-color has-text-color has-link-color has-large-font-size wp-elements-67c90d4cf3fd6558a9b72f1505473556\"><strong>Neufnach 4-Kampf<\/strong><\/p>\n\n\n\n<p class=\"has-medium-font-size\">Am Samstag vor unserem Partyabend mit der Radlerband ist bereits jede Menge Spa\u00df geboten!<\/p>\n\n\n\n<p class=\"has-medium-font-size\">Was ist ein Fest, wie wir es feiern, ohne einen Gaudi-Wettkampf?<\/p>\n\n\n\n<p class=\"has-medium-font-size\">Bis zu zw\u00f6lf Vereine werden sich in den Disziplinen Cap werfen, Ma\u00dfkrug stemmen, Biertisch kraxeln und Bierkisten stapeln (in der Waagerechten!) messen. Beginn ist um 18 Uhr, kommt vorbei und feuert die Teams an! F\u00fcr das leibliche Wohl ist selbstverst\u00e4ndlich gesorgt!<\/p>\n\n\n\n<p class=\"has-medium-font-size\">Welche Vereine um Ruhm, Ehre und nat\u00fcrlich auch einen Gewinn k\u00e4mpfen erfahrt ihr in den n\u00e4chsten Wochen hier und und auf den Instagram Accounts des TSV Mittelneufnach und der Freiwilligen Feuerwehr Mittelneufnach.&nbsp;<\/p>\n\n\n\n<p class=\"has-medium-font-size\">Im Folgenden findet ihr Videos zu den Disziplinen. Am Ende der Seite gibt es zudem das Regelwerk zum herunterladen.\u00a0<\/p>\n\n\n\n<p class=\"has-medium-font-size\"><strong>1. Spiel: &#8222;Cap werfen&#8220;<\/strong><\/p>\n\n\n\n<figure class=\"wp-block-video\"><video height=\"720\" style=\"aspect-ratio: 1280 \/ 720;\" width=\"1280\" controls src=\"https:\/\/tsvmittelneufnach.de\/wp\/wp-content\/uploads\/2026\/04\/Cap-werfen.mp4\"><\/video><\/figure>\n\n\n\n<p class=\"has-medium-font-size\"><strong>2. Spiel: &#8222;Ma\u00dfkrug stemmen&#8220;<\/strong><\/p>\n\n\n\n<figure class=\"wp-block-video\"><video height=\"720\" style=\"aspect-ratio: 1280 \/ 720;\" width=\"1280\" controls src=\"https:\/\/tsvmittelneufnach.de\/wp\/wp-content\/uploads\/2026\/04\/Masskrug-stemmen-1.mp4\"><\/video><\/figure>\n\n\n\n<p class=\"has-medium-font-size\"><strong>3. Spiel: &#8222;Biertisch kraxeln&#8220;<\/strong><\/p>\n\n\n\n<figure class=\"wp-block-video\"><video height=\"720\" style=\"aspect-ratio: 1280 \/ 720;\" width=\"1280\" controls src=\"https:\/\/tsvmittelneufnach.de\/wp\/wp-content\/uploads\/2026\/04\/Biertischkraxeln.mp4\"><\/video><\/figure>\n\n\n\n<p class=\"has-medium-font-size\"><strong>4. Spiel: &#8222;Bierkisten stapeln (waagrecht)&#8220;<\/strong><\/p>\n\n\n\n<figure class=\"wp-block-video\"><video height=\"720\" style=\"aspect-ratio: 1280 \/ 720;\" width=\"1280\" controls src=\"https:\/\/tsvmittelneufnach.de\/wp\/wp-content\/uploads\/2026\/04\/Bierkisten-stapeln.mp4\"><\/video><\/figure>\n\n\n\n<p class=\"has-medium-font-size\"><strong>5. Sonderwertung:&nbsp;<\/strong><\/p>\n\n\n\n<p class=\"has-medium-font-size\">Wenn die Teams noch auf ein paar extra Punkte aus sind, haben sie die M\u00f6glichkeit an unserer Fotowand&nbsp;ein Teamfoto zu machen und es auf ihrem jeweilen Vereins Instagram Account&nbsp;zu ver\u00f6ffentlichen. Dabei m\u00fcssen die beiden Instagram Accounts des TSV Mittelneunfach und der FFW Mittelneufnach verlinkt werden. Bis 22 Uhr k\u00f6nnen Likes gesammelt werden, danach werden je nach Anzahl der Likes Punkte vergeben.&nbsp;<br><\/p>\n\n\n\n<div class=\"wp-block-file\"><a id=\"wp-block-file--media-2f7197bd-a544-4622-ab84-f572cf9416f8\" href=\"https:\/\/tsvmittelneufnach.de\/wp\/wp-content\/uploads\/2026\/04\/Neufnach-4-Kampf-Regeln.pdf\">Neufnach 4 Kampf Regeln<\/a><a href=\"https:\/\/tsvmittelneufnach.de\/wp\/wp-content\/uploads\/2026\/04\/Neufnach-4-Kampf-Regeln.pdf\" class=\"wp-block-file__button wp-element-button\" download aria-describedby=\"wp-block-file--media-2f7197bd-a544-4622-ab84-f572cf9416f8\">Herunterladen<\/a><\/div>\n\n\n\n<p><\/p>\n","protected":false},"excerpt":{"rendered":"<p>75 Jahre TSV Mittelneufnach &#8211; zusammen mit der FFW Mittelneufnach feiern wir ein wunderbares Fest! Am&nbsp;Samstag, den 18.07.2026&nbsp;starten wir um&nbsp;18 Uhr&nbsp;mit dem Neufnach 4-Kampf. N\u00e4heres dazu findet Ihr untenstehend auf dieser Seite. Hier k\u00f6nnen bis zu zw\u00f6lf Teams Ihr k\u00f6nnen in unterschiedlichsten Disziplinen beweisen!&nbsp; Im Anschluss lassen wir es ab&nbsp;21 Uhr&nbsp;mit der Radlerband richtig krachen! [&hellip;]<\/p>\n","protected":false},"author":4,"featured_media":822,"parent":0,"menu_order":0,"comment_status":"closed","ping_status":"closed","template":"","meta":{"footnotes":""},"class_list":["post-814","page","type-page","status-publish","has-post-thumbnail","hentry"],"_links":{"self":[{"href":"https:\/\/tsvmittelneufnach.de\/wp\/wp-json\/wp\/v2\/pages\/814","targetHints":{"allow":["GET"]}}],"collection":[{"href":"https:\/\/tsvmittelneufnach.de\/wp\/wp-json\/wp\/v2\/pages"}],"about":[{"href":"https:\/\/tsvmittelneufnach.de\/wp\/wp-json\/wp\/v2\/types\/page"}],"author":[{"embeddable":true,"href":"https:\/\/tsvmittelneufnach.de\/wp\/wp-json\/wp\/v2\/users\/4"}],"replies":[{"embeddable":true,"href":"https:\/\/tsvmittelneufnach.de\/wp\/wp-json\/wp\/v2\/comments?post=814"}],"version-history":[{"count":22,"href":"https:\/\/tsvmittelneufnach.de\/wp\/wp-json\/wp\/v2\/pages\/814\/revisions"}],"predecessor-version":[{"id":871,"href":"https:\/\/tsvmittelneufnach.de\/wp\/wp-json\/wp\/v2\/pages\/814\/revisions\/871"}],"wp:featuredmedia":[{"embeddable":true,"href":"https:\/\/tsvmittelneufnach.de\/wp\/wp-json\/wp\/v2\/media\/822"}],"wp:attachment":[{"href":"https:\/\/tsvmittelneufnach.de\/wp\/wp-json\/wp\/v2\/media?parent=814"}],"curies":[{"name":"wp","href":"https:\/\/api.w.org\/{rel}","templated":true}]}}